{"id":17135,"date":"2026-04-09T08:51:19","date_gmt":"2026-04-09T05:51:19","guid":{"rendered":"https:\/\/sapphirehealthglobal.com\/ru\/?page_id=17135"},"modified":"2026-05-02T21:25:36","modified_gmt":"2026-05-02T18:25:36","slug":"%d1%81%d0%be%d0%b3%d0%bb%d0%b0%d1%88%d0%b5%d0%bd%d0%bd%d1%8b%d0%b5-%d0%b1%d0%be%d0%bb%d1%8c%d0%bd%d0%b8%d1%86%d1%8b","status":"publish","type":"page","link":"https:\/\/sapphirehealthglobal.com\/ru\/%d1%81%d0%be%d0%b3%d0%bb%d0%b0%d1%88%d0%b5%d0%bd%d0%bd%d1%8b%d0%b5-%d0%b1%d0%be%d0%bb%d1%8c%d0%bd%d0%b8%d1%86%d1%8b\/","title":{"rendered":"\u0421\u043e\u0433\u043b\u0430\u0448\u0435\u043d\u043d\u044b\u0435 \u0431\u043e\u043b\u044c\u043d\u0438\u0446\u044b"},"content":{"rendered":"\t\t<div data-elementor-type=\"wp-page\" data-elementor-id=\"17135\" class=\"elementor elementor-17135\">\n\t\t\t\t<div class=\"wd-negative-gap elementor-element elementor-element-187afc0 wd-section-stretch e-flex e-con-boxed e-con e-parent\" data-id=\"187afc0\" data-element_type=\"container\" data-e-type=\"container\" data-settings=\"{&quot;background_background&quot;:&quot;classic&quot;}\">\n\t\t\t\t\t<div class=\"e-con-inner\">\n\t\t\t\t<div class=\"elementor-element elementor-element-e2bfc74 animated-fast elementor-hidden-tablet elementor-hidden-mobile elementor-invisible elementor-widget elementor-widget-wd_text_block\" data-id=\"e2bfc74\" data-element_type=\"widget\" data-e-type=\"widget\" data-settings=\"{&quot;_animation&quot;:&quot;wd-anim-slide-from-bottom&quot;}\" data-widget_type=\"wd_text_block.default\">\n\t\t\t\t<div class=\"elementor-widget-container\">\n\t\t\t\t\t\t\t<div class=\"wd-text-block reset-last-child text-center\">\n\t\t\t\n\t\t\t<p>Sapphire Health<\/p>\n\t\t\t\t\t<\/div>\n\t\t\t\t\t\t<\/div>\n\t\t\t\t<\/div>\n\t\t\t\t<div class=\"elementor-element elementor-element-89f4847 animated-fast wd-width-100 elementor-invisible elementor-widget elementor-widget-wd_title\" data-id=\"89f4847\" data-element_type=\"widget\" data-e-type=\"widget\" data-settings=\"{&quot;_animation&quot;:&quot;wd-anim-slide-from-bottom&quot;}\" data-widget_type=\"wd_title.default\">\n\t\t\t\t<div class=\"elementor-widget-container\">\n\t\t\t\t\t\t\t<div class=\"title-wrapper wd-set-mb reset-last-child wd-title-color-default wd-title-style-default wd-title-size-default text-center\">\n\n\t\t\t\n\t\t\t<div class=\"liner-continer\">\n\t\t\t\t<h2 class=\"woodmart-title-container title wd-fontsize-l wd-underline-colored\">\u041d\u0430\u0448\u0438 \u043f\u0430\u0440\u0442\u043d\u0435\u0440\u0441\u043a\u0438\u0435 \u0431\u043e\u043b\u044c\u043d\u0438\u0446\u044b \u0438 \u0443\u0447\u0440\u0435\u0436\u0434\u0435\u043d\u0438\u044f<\/h2> \n\t\t\t\t\t\t\t<\/div>\n\n\t\t\t\t\t<\/div>\n\t\t\t\t\t\t<\/div>\n\t\t\t\t<\/div>\n\t\t\t\t<div class=\"elementor-element elementor-element-88e6484 animated-fast elementor-invisible elementor-widget elementor-widget-wd_text_block\" data-id=\"88e6484\" data-element_type=\"widget\" data-e-type=\"widget\" data-settings=\"{&quot;_animation&quot;:&quot;wd-anim-slide-from-bottom&quot;}\" data-widget_type=\"wd_text_block.default\">\n\t\t\t\t<div class=\"elementor-widget-container\">\n\t\t\t\t\t\t\t<div class=\"wd-text-block reset-last-child text-center\">\n\t\t\t\n\t\t\t<p>\u0411\u043e\u043b\u044c\u043d\u0438\u0446\u0430 \u0442\u0430\u043a\u0436\u0435 \u0438\u043c\u0435\u0435\u0442 \u043f\u0440\u0430\u0432\u043e \u043f\u0440\u0438 \u043d\u0435\u043e\u0431\u0445\u043e\u0434\u0438\u043c\u043e\u0441\u0442\u0438 \u043f\u043e\u043b\u0443\u0447\u0430\u0442\u044c \u0443\u0441\u043b\u0443\u0433\u0438 \u043e\u0442 \u0432\u0441\u0435\u0445 \u0434\u0440\u0443\u0433\u0438\u0445 \u0431\u043e\u043b\u044c\u043d\u0438\u0446 \u0438 \u0432\u0440\u0430\u0447\u0435\u0439, \u0440\u0430\u0431\u043e\u0442\u0430\u044e\u0449\u0438\u0445 \u0432 \u043f\u0440\u0435\u0434\u0435\u043b\u0430\u0445 \u0410\u043d\u043a\u0430\u0440\u0441\u043a\u043e\u0439 \u043e\u0431\u043b\u0430\u0441\u0442\u0438.<\/p>\n\t\t\t\t\t<\/div>\n\t\t\t\t\t\t<\/div>\n\t\t\t\t<\/div>\n\t\t\t\t\t<\/div>\n\t\t\t\t<\/div>\n\t\t<div class=\"wd-negative-gap elementor-element elementor-element-216a18bc e-flex e-con-boxed e-con e-parent\" data-id=\"216a18bc\" data-element_type=\"container\" data-e-type=\"container\" data-settings=\"{&quot;background_background&quot;:&quot;classic&quot;}\">\n\t\t\t\t\t<div class=\"e-con-inner\">\n\t\t<div class=\"elementor-element elementor-element-7641e8a2 e-con-full e-flex e-con e-child\" data-id=\"7641e8a2\" data-element_type=\"container\" data-e-type=\"container\">\n\t\t\t\t<div class=\"elementor-element elementor-element-8e50c97 elementor-widget elementor-widget-wd_image_or_svg\" data-id=\"8e50c97\" data-element_type=\"widget\" data-e-type=\"widget\" data-widget_type=\"wd_image_or_svg.default\">\n\t\t\t\t<div class=\"elementor-widget-container\">\n\t\t\t\t\t\n\t\t<div class=\"wd-image text-left\">\n\t\t\t\t\t\t\t\t<img loading=\"lazy\" decoding=\"async\" width=\"600\" height=\"352\" src=\"https:\/\/sapphirehealthglobal.com\/ru\/wp-content\/uploads\/sites\/9\/2026\/04\/gulhane-egitim-ve-arastirma-hastanesi.webp\" class=\"attachment-full size-full\" alt=\"G\u00fclhane E\u011fitim ve Ara\u015ft\u0131rma Hastanesi\" srcset=\"https:\/\/sapphirehealthglobal.com\/ru\/wp-content\/uploads\/sites\/9\/2026\/04\/gulhane-egitim-ve-arastirma-hastanesi.webp 600w, https:\/\/sapphirehealthglobal.com\/ru\/wp-content\/uploads\/sites\/9\/2026\/04\/gulhane-egitim-ve-arastirma-hastanesi-400x235.webp 400w\" sizes=\"auto, (max-width: 600px) 100vw, 600px\" \/>\t\t\t\t\t<\/div>\n\n\t\t\t\t\t\t<\/div>\n\t\t\t\t<\/div>\n\t\t\t\t<\/div>\n\t\t<div class=\"elementor-element elementor-element-ea42a9b e-con-full e-flex e-con e-child\" data-id=\"ea42a9b\" data-element_type=\"container\" data-e-type=\"container\">\n\t\t\t\t<div class=\"elementor-element elementor-element-7a65b242 wd-width-100 elementor-widget elementor-widget-wd_title\" data-id=\"7a65b242\" data-element_type=\"widget\" data-e-type=\"widget\" data-widget_type=\"wd_title.default\">\n\t\t\t\t<div class=\"elementor-widget-container\">\n\t\t\t\t\t\t\t<div class=\"title-wrapper wd-set-mb reset-last-child wd-title-color-default wd-title-style-default wd-title-size-default text-left\">\n\n\t\t\t\n\t\t\t<div class=\"liner-continer\">\n\t\t\t\t<h3 class=\"woodmart-title-container title wd-fontsize-l\">\u0423\u0447\u0435\u0431\u043d\u043e-\u0438\u0441\u0441\u043b\u0435\u0434\u043e\u0432\u0430\u0442\u0435\u043b\u044c\u0441\u043a\u0430\u044f \u0431\u043e\u043b\u044c\u043d\u0438\u0446\u0430 \u0413\u044e\u043b\u044c\u0445\u0430\u043d\u0435<\/h3> \n\t\t\t\t\t\t\t<\/div>\n\n\t\t\t\t\t<\/div>\n\t\t\t\t\t\t<\/div>\n\t\t\t\t<\/div>\n\t\t\t\t<div class=\"elementor-element elementor-element-17733093 elementor-widget elementor-widget-wd_text_block\" data-id=\"17733093\" data-element_type=\"widget\" data-e-type=\"widget\" data-widget_type=\"wd_text_block.default\">\n\t\t\t\t<div class=\"elementor-widget-container\">\n\t\t\t\t\t\t\t<div class=\"wd-text-block reset-last-child text-left\">\n\t\t\t\n\t\t\t<p>\u0423\u0447\u0435\u0431\u043d\u043e-\u0438\u0441\u0441\u043b\u0435\u0434\u043e\u0432\u0430\u0442\u0435\u043b\u044c\u0441\u043a\u0430\u044f \u0431\u043e\u043b\u044c\u043d\u0438\u0446\u0430 \u0413\u044e\u043b\u044c\u0445\u0430\u043d\u0435 \u043f\u0440\u0435\u0434\u043e\u0441\u0442\u0430\u0432\u043b\u044f\u0435\u0442 \u043d\u0435\u043e\u0431\u0445\u043e\u0434\u0438\u043c\u044b\u0435 \u0443\u0441\u043b\u0443\u0433\u0438 \u0438\u043d\u043e\u0441\u0442\u0440\u0430\u043d\u043d\u044b\u043c \u043f\u0430\u0446\u0438\u0435\u043d\u0442\u0430\u043c, \u043e\u0431\u0440\u0430\u0449\u0430\u044e\u0449\u0438\u043c\u0441\u044f \u0432 \u043d\u0430\u0448\u0443 \u043a\u043e\u043c\u043f\u0430\u043d\u0438\u044e, \u0432 \u0442\u043e\u043c \u0447\u0438\u0441\u043b\u0435 \u0438 \u0441\u043f\u0435\u0446\u0438\u0430\u043b\u0438\u0441\u0442\u0430\u043c \u043d\u0435\u043e\u0431\u0445\u043e\u0434\u0438\u043c\u044b\u0445 \u043e\u0431\u043b\u0430\u0441\u0442\u0435\u0439 \u043c\u0435\u0434\u0438\u0446\u0438\u043d\u044b.<\/p>\n\t\t\t\t\t<\/div>\n\t\t\t\t\t\t<\/div>\n\t\t\t\t<\/div>\n\t\t\t\t<\/div>\n\t\t\t\t\t<\/div>\n\t\t\t\t<\/div>\n\t\t<div class=\"wd-negative-gap elementor-element elementor-element-16a31434 e-flex e-con-boxed e-con e-parent\" data-id=\"16a31434\" data-element_type=\"container\" data-e-type=\"container\" data-settings=\"{&quot;background_background&quot;:&quot;classic&quot;}\">\n\t\t\t\t\t<div class=\"e-con-inner\">\n\t\t<div class=\"elementor-element elementor-element-4e66208 e-con-full e-flex e-con e-child\" data-id=\"4e66208\" data-element_type=\"container\" data-e-type=\"container\">\n\t\t\t\t<div class=\"elementor-element elementor-element-1abaf466 wd-width-100 elementor-widget elementor-widget-wd_title\" data-id=\"1abaf466\" data-element_type=\"widget\" data-e-type=\"widget\" data-widget_type=\"wd_title.default\">\n\t\t\t\t<div class=\"elementor-widget-container\">\n\t\t\t\t\t\t\t<div class=\"title-wrapper wd-set-mb reset-last-child wd-title-color-default wd-title-style-default wd-title-size-default text-left\">\n\n\t\t\t\n\t\t\t<div class=\"liner-continer\">\n\t\t\t\t<h3 class=\"woodmart-title-container title wd-fontsize-l\">\u0423\u043d\u0438\u0432\u0435\u0440\u0441\u0438\u0442\u0435\u0442 \u0423\u0444\u0443\u043a<br \/>\n\u0411\u043e\u043b\u044c\u043d\u0438\u0446\u0430 \u0434\u043e\u043a\u0442\u043e\u0440\u0430 \u0420\u0438\u0437\u0432\u0430\u043d\u0430 \u042d\u0433\u0435<\/h3> \n\t\t\t\t\t\t\t<\/div>\n\n\t\t\t\t\t<\/div>\n\t\t\t\t\t\t<\/div>\n\t\t\t\t<\/div>\n\t\t\t\t<div class=\"elementor-element elementor-element-7b1fb94a elementor-widget elementor-widget-wd_text_block\" data-id=\"7b1fb94a\" data-element_type=\"widget\" data-e-type=\"widget\" data-widget_type=\"wd_text_block.default\">\n\t\t\t\t<div class=\"elementor-widget-container\">\n\t\t\t\t\t\t\t<div class=\"wd-text-block reset-last-child text-left\">\n\t\t\t\n\t\t\t<p>\u0411\u043e\u043b\u044c\u043d\u0438\u0446\u0430 \u0438\u043c. \u0434\u043e\u043a\u0442\u043e\u0440\u0430 \u0420\u0438\u0434\u0432\u0430\u043d\u0430 \u042d\u0433\u0435 \u043f\u0440\u0438 \u0423\u043d\u0438\u0432\u0435\u0440\u0441\u0438\u0442\u0435\u0442\u0435 \u0423\u0444\u0443\u043a\u0430 \u0431\u0443\u0434\u0435\u0442 \u043f\u0440\u0435\u0434\u043e\u0441\u0442\u0430\u0432\u043b\u044f\u0442\u044c \u043d\u0435\u043e\u0431\u0445\u043e\u0434\u0438\u043c\u044b\u0435 \u0443\u0441\u043b\u0443\u0433\u0438 \u0438\u043d\u043e\u0441\u0442\u0440\u0430\u043d\u043d\u044b\u043c \u043f\u0430\u0446\u0438\u0435\u043d\u0442\u0430\u043c \u0432 \u043a\u043e\u043e\u0440\u0434\u0438\u043d\u0430\u0446\u0438\u0438 \u0441 \u043d\u0430\u0448\u0435\u0439 \u043a\u043e\u043c\u043f\u0430\u043d\u0438\u0435\u0439.<\/p>\n\t\t\t\t\t<\/div>\n\t\t\t\t\t\t<\/div>\n\t\t\t\t<\/div>\n\t\t\t\t<\/div>\n\t\t<div class=\"elementor-element elementor-element-37992239 e-con-full e-flex e-con e-child\" data-id=\"37992239\" data-element_type=\"container\" data-e-type=\"container\">\n\t\t\t\t<div class=\"elementor-element elementor-element-13198588 elementor-widget elementor-widget-wd_image_or_svg\" data-id=\"13198588\" data-element_type=\"widget\" data-e-type=\"widget\" data-widget_type=\"wd_image_or_svg.default\">\n\t\t\t\t<div class=\"elementor-widget-container\">\n\t\t\t\t\t\n\t\t<div class=\"wd-image text-left\">\n\t\t\t\t\t\t\t\t<img loading=\"lazy\" decoding=\"async\" width=\"600\" height=\"352\" src=\"https:\/\/sapphirehealthglobal.com\/ru\/wp-content\/uploads\/sites\/9\/2026\/04\/ridvanege.jpg\" class=\"attachment-full size-full\" alt=\"Ufuk \u00dcniversitesi Dr. R\u0131dvan Ege Hastanesi\" srcset=\"https:\/\/sapphirehealthglobal.com\/ru\/wp-content\/uploads\/sites\/9\/2026\/04\/ridvanege.jpg 600w, https:\/\/sapphirehealthglobal.com\/ru\/wp-content\/uploads\/sites\/9\/2026\/04\/ridvanege-400x235.jpg 400w\" sizes=\"auto, (max-width: 600px) 100vw, 600px\" \/>\t\t\t\t\t<\/div>\n\n\t\t\t\t\t\t<\/div>\n\t\t\t\t<\/div>\n\t\t\t\t<\/div>\n\t\t\t\t\t<\/div>\n\t\t\t\t<\/div>\n\t\t<div class=\"wd-negative-gap elementor-element elementor-element-59620f0a e-flex e-con-boxed e-con e-parent\" data-id=\"59620f0a\" data-element_type=\"container\" data-e-type=\"container\" data-settings=\"{&quot;background_background&quot;:&quot;classic&quot;}\">\n\t\t\t\t\t<div class=\"e-con-inner\">\n\t\t<div class=\"elementor-element elementor-element-5ffef583 e-con-full e-flex e-con e-child\" data-id=\"5ffef583\" data-element_type=\"container\" data-e-type=\"container\">\n\t\t\t\t<div class=\"elementor-element elementor-element-10fffab elementor-widget elementor-widget-wd_image_or_svg\" data-id=\"10fffab\" data-element_type=\"widget\" data-e-type=\"widget\" data-widget_type=\"wd_image_or_svg.default\">\n\t\t\t\t<div class=\"elementor-widget-container\">\n\t\t\t\t\t\n\t\t<div class=\"wd-image text-left\">\n\t\t\t\t\t\t\t\t<img loading=\"lazy\" decoding=\"async\" width=\"700\" height=\"525\" src=\"https:\/\/sapphirehealthglobal.com\/ru\/wp-content\/uploads\/sites\/9\/2026\/04\/tesla.jpg\" class=\"attachment-full size-full\" alt=\"Tesla G\u00f6r\u00fcnt\u00fcleme Merkezi\" srcset=\"https:\/\/sapphirehealthglobal.com\/ru\/wp-content\/uploads\/sites\/9\/2026\/04\/tesla.jpg 700w, https:\/\/sapphirehealthglobal.com\/ru\/wp-content\/uploads\/sites\/9\/2026\/04\/tesla-400x300.jpg 400w\" sizes=\"auto, (max-width: 700px) 100vw, 700px\" \/>\t\t\t\t\t<\/div>\n\n\t\t\t\t\t\t<\/div>\n\t\t\t\t<\/div>\n\t\t\t\t<\/div>\n\t\t<div class=\"elementor-element elementor-element-26c291f5 e-con-full e-flex e-con e-child\" data-id=\"26c291f5\" data-element_type=\"container\" data-e-type=\"container\">\n\t\t\t\t<div class=\"elementor-element elementor-element-5f85adf9 wd-width-100 elementor-widget elementor-widget-wd_title\" data-id=\"5f85adf9\" data-element_type=\"widget\" data-e-type=\"widget\" data-widget_type=\"wd_title.default\">\n\t\t\t\t<div class=\"elementor-widget-container\">\n\t\t\t\t\t\t\t<div class=\"title-wrapper wd-set-mb reset-last-child wd-title-color-default wd-title-style-default wd-title-size-default text-left\">\n\n\t\t\t\n\t\t\t<div class=\"liner-continer\">\n\t\t\t\t<h3 class=\"woodmart-title-container title wd-fontsize-l\">\u0426\u0435\u043d\u0442\u0440 \u0432\u0438\u0437\u0443\u0430\u043b\u0438\u0437\u0430\u0446\u0438\u0438 \u0422\u0435\u0441\u043b\u044b<\/h3> \n\t\t\t\t\t\t\t<\/div>\n\n\t\t\t\t\t<\/div>\n\t\t\t\t\t\t<\/div>\n\t\t\t\t<\/div>\n\t\t\t\t<div class=\"elementor-element elementor-element-278eb2c0 elementor-widget elementor-widget-wd_text_block\" data-id=\"278eb2c0\" data-element_type=\"widget\" data-e-type=\"widget\" data-widget_type=\"wd_text_block.default\">\n\t\t\t\t<div class=\"elementor-widget-container\">\n\t\t\t\t\t\t\t<div class=\"wd-text-block reset-last-child text-left\">\n\t\t\t\n\t\t\t<p>\u0412 \u043d\u0430\u0448\u0435\u043c \u0446\u0435\u043d\u0442\u0440\u0435 \u0432\u0441\u0435 \u0440\u0435\u043d\u0442\u0433\u0435\u043d\u043e\u043b\u043e\u0433\u0438\u0447\u0435\u0441\u043a\u0438\u0435 \u0438\u0441\u0441\u043b\u0435\u0434\u043e\u0432\u0430\u043d\u0438\u044f \u043f\u0440\u043e\u0432\u043e\u0434\u044f\u0442\u0441\u044f \u0431\u044b\u0441\u0442\u0440\u043e \u0438 \u043d\u0430\u0434\u0435\u0436\u043d\u043e \u0441 \u0438\u0441\u043f\u043e\u043b\u044c\u0437\u043e\u0432\u0430\u043d\u0438\u0435\u043c \u0441\u043e\u0432\u0440\u0435\u043c\u0435\u043d\u043d\u043e\u0433\u043e \u043e\u0431\u043e\u0440\u0443\u0434\u043e\u0432\u0430\u043d\u0438\u044f.<\/p>\n\t\t\t\t\t<\/div>\n\t\t\t\t\t\t<\/div>\n\t\t\t\t<\/div>\n\t\t\t\t<\/div>\n\t\t\t\t\t<\/div>\n\t\t\t\t<\/div>\n\t\t\t\t<\/div>\n\t\t","protected":false},"excerpt":{"rendered":"<p>\u0421\u0430\u043f\u0444\u0438\u0440 \u0417\u0434\u043e\u0440\u043e\u0432\u044c\u0435 \u0421\u043e\u0433\u043b\u0430\u0448\u0435\u043d\u043d\u044b\u0435 \u0431\u043e\u043b\u044c\u043d\u0438\u0446\u044b \u0438 \u0443\u0447\u0440\u0435\u0436\u0434\u0435\u043d\u0438\u044f \u0415\u0441\u0442\u044c \u0432\u043e\u0437\u043c\u043e\u0436\u043d\u043e\u0441\u0442\u044c \u043f\u043e\u043b\u0443\u0447\u0430\u0442\u044c \u0443\u0441\u043b\u0443\u0433\u0438 \u043e\u0442 \u0432\u0441\u0435\u0445 \u0434\u0440\u0443\u0433\u0438\u0445 \u0431\u043e\u043b\u044c\u043d\u0438\u0446 \u0438 \u0432\u0440\u0430\u0447\u0435\u0439, \u0440\u0430\u0431\u043e\u0442\u0430\u044e\u0449\u0438\u0445 \u0432 \u043f\u0440\u0435\u0434\u0435\u043b\u0430\u0445 \u0433\u0440\u0430\u043d\u0438\u0446<\/p>\n","protected":false},"author":2,"featured_media":0,"parent":0,"menu_order":0,"comment_status":"closed","ping_status":"closed","template":"","meta":{"_joinchat":[],"footnotes":""},"class_list":["post-17135","page","type-page","status-publish","hentry"],"_links":{"self":[{"href":"https:\/\/sapphirehealthglobal.com\/ru\/wp-json\/wp\/v2\/pages\/17135","targetHints":{"allow":["GET"]}}],"collection":[{"href":"https:\/\/sapphirehealthglobal.com\/ru\/wp-json\/wp\/v2\/pages"}],"about":[{"href":"https:\/\/sapphirehealthglobal.com\/ru\/wp-json\/wp\/v2\/types\/page"}],"author":[{"embeddable":true,"href":"https:\/\/sapphirehealthglobal.com\/ru\/wp-json\/wp\/v2\/users\/2"}],"replies":[{"embeddable":true,"href":"https:\/\/sapphirehealthglobal.com\/ru\/wp-json\/wp\/v2\/comments?post=17135"}],"version-history":[{"count":35,"href":"https:\/\/sapphirehealthglobal.com\/ru\/wp-json\/wp\/v2\/pages\/17135\/revisions"}],"predecessor-version":[{"id":17785,"href":"https:\/\/sapphirehealthglobal.com\/ru\/wp-json\/wp\/v2\/pages\/17135\/revisions\/17785"}],"wp:attachment":[{"href":"https:\/\/sapphirehealthglobal.com\/ru\/wp-json\/wp\/v2\/media?parent=17135"}],"curies":[{"name":"wp","href":"https:\/\/api.w.org\/{rel}","templated":true}]}}